{"id":116,"date":"2024-08-06T19:58:42","date_gmt":"2024-08-06T17:58:42","guid":{"rendered":"https:\/\/hackcar.cz\/?post_type=product&#038;p=116"},"modified":"2024-08-06T19:58:49","modified_gmt":"2024-08-06T17:58:49","slug":"klicenka-kopirovat-2","status":"publish","type":"product","link":"https:\/\/hackcar.cz\/index.php\/produkt\/klicenka-kopirovat-2\/","title":{"rendered":"Kl\u00ed\u010denka (Kop\u00edrovat)"},"content":{"rendered":"","protected":false},"excerpt":{"rendered":"","protected":false},"featured_media":0,"comment_status":"open","ping_status":"closed","template":"","meta":{"_et_pb_use_builder":"","_et_pb_old_content":"","_et_gb_content_width":""},"product_cat":[16],"product_tag":[],"class_list":{"0":"post-116","1":"product","2":"type-product","3":"status-publish","5":"product_cat-nezarazene","7":"first","8":"instock","9":"taxable","10":"shipping-taxable","11":"purchasable","12":"product-type-simple"},"jetpack_sharing_enabled":true,"_links":{"self":[{"href":"https:\/\/hackcar.cz\/index.php\/wp-json\/wp\/v2\/product\/116","targetHints":{"allow":["GET"]}}],"collection":[{"href":"https:\/\/hackcar.cz\/index.php\/wp-json\/wp\/v2\/product"}],"about":[{"href":"https:\/\/hackcar.cz\/index.php\/wp-json\/wp\/v2\/types\/product"}],"replies":[{"embeddable":true,"href":"https:\/\/hackcar.cz\/index.php\/wp-json\/wp\/v2\/comments?post=116"}],"wp:attachment":[{"href":"https:\/\/hackcar.cz\/index.php\/wp-json\/wp\/v2\/media?parent=116"}],"wp:term":[{"taxonomy":"product_cat","embeddable":true,"href":"https:\/\/hackcar.cz\/index.php\/wp-json\/wp\/v2\/product_cat?post=116"},{"taxonomy":"product_tag","embeddable":true,"href":"https:\/\/hackcar.cz\/index.php\/wp-json\/wp\/v2\/product_tag?post=116"}],"curies":[{"name":"wp","href":"https:\/\/api.w.org\/{rel}","templated":true}]}}